{"id":8285,"date":"2020-08-20T13:46:16","date_gmt":"2020-08-20T11:46:16","guid":{"rendered":"http:\/\/heylanalysis.de\/?page_id=8285"},"modified":"2025-09-25T16:06:59","modified_gmt":"2025-09-25T14:06:59","slug":"water-analysis-instruments","status":"publish","type":"page","link":"https:\/\/heylanalysis.de\/en\/products\/water-analysis-instruments\/","title":{"rendered":"Water Analysis Instruments"},"content":{"rendered":"<p>[et_pb_section fb_built=&#8221;1&#8243; custom_padding_last_edited=&#8221;on|tablet&#8221; admin_label=&#8221;Header&#8221; _builder_version=&#8221;3.26.8&#8243; background_image=&#8221;https:\/\/heylanalysis.de\/wp-content\/uploads\/2019\/11\/heyl-header.jpg&#8221; background_position=&#8221;top_center&#8221; custom_margin=&#8221;||-50px||false|false&#8221; custom_padding=&#8221;120px||50px||false|false&#8221; custom_padding_tablet=&#8221;75px||10px||false|false&#8221; custom_padding_phone=&#8221;70px||10px||false|false&#8221; top_divider_repeat=&#8221;1x&#8221; top_divider_flip=&#8221;horizontal&#8221; top_divider_height_tablet=&#8221;&#8221; top_divider_height_phone=&#8221;100px&#8221; top_divider_height_last_edited=&#8221;on|desktop&#8221; bottom_divider_style=&#8221;wave2&#8243; bottom_divider_color=&#8221;#ffffff&#8221; bottom_divider_flip=&#8221;horizontal&#8221; bottom_divider_height_tablet=&#8221;50px&#8221; bottom_divider_height_phone=&#8221;&#8221; bottom_divider_height_last_edited=&#8221;on|desktop&#8221; background_last_edited=&#8221;off|phone&#8221; background_size_tablet=&#8221;initial&#8221; background_size_phone=&#8221;initial&#8221; background_position_tablet=&#8221;bottom_center&#8221; background_position_phone=&#8221;bottom_center&#8221; global_colors_info=&#8221;{}&#8221;][et_pb_row _builder_version=&#8221;3.26.8&#8243; custom_margin=&#8221;-50px|auto|0px|auto|false|false&#8221; custom_margin_tablet=&#8221;-100px||||false|false&#8221; custom_margin_last_edited=&#8221;off|tablet&#8221; custom_padding=&#8221;0px||30px||false|false&#8221; global_colors_info=&#8221;{}&#8221;][et_pb_column type=&#8221;4_4&#8243; _builder_version=&#8221;3.25&#8243; custom_padding=&#8221;|||&#8221; custom_padding_tablet=&#8221;0px|||&#8221; custom_padding_last_edited=&#8221;off|desktop&#8221; global_colors_info=&#8221;{}&#8221; custom_padding__hover=&#8221;|||&#8221;][et_pb_text _builder_version=&#8221;4.6.6&#8243; text_font=&#8221;||||||||&#8221; text_text_color=&#8221;#ffffff&#8221; text_line_height=&#8221;2em&#8221; ul_font=&#8221;||||||||&#8221; ol_font=&#8221;||||||||&#8221; header_font=&#8221;Rubik|500|||||||&#8221; header_text_color=&#8221;#027bce&#8221; header_font_size=&#8221;52px&#8221; header_line_height=&#8221;1.2em&#8221; header_2_font=&#8221;||||||||&#8221; header_3_font=&#8221;||||||||&#8221; header_4_font=&#8221;||||||||&#8221; header_5_font=&#8221;||||||||&#8221; header_6_font=&#8221;||||||||&#8221; text_orientation=&#8221;center&#8221; module_alignment=&#8221;center&#8221; min_height=&#8221;0px&#8221; min_height_tablet=&#8221;&#8221; min_height_phone=&#8221;&#8221; min_height_last_edited=&#8221;on|desktop&#8221; custom_margin=&#8221;40px||||false|false&#8221; custom_margin_tablet=&#8221;200px||||false|false&#8221; custom_margin_phone=&#8221;175px||||false|false&#8221; custom_margin_last_edited=&#8221;off|tablet&#8221; custom_padding=&#8221;||||true|false&#8221; custom_padding_tablet=&#8221;25px||25px||false|false&#8221; custom_padding_phone=&#8221;20px||20px||true|false&#8221; custom_padding_last_edited=&#8221;off|phone&#8221; header_font_size_tablet=&#8221;42px&#8221; header_font_size_phone=&#8221;32px&#8221; header_font_size_last_edited=&#8221;on|desktop&#8221; global_colors_info=&#8221;{}&#8221;]<\/p>\n<h1>Water Analysis Instruments<\/h1>\n<p>[\/et_pb_text][\/et_pb_column][\/et_pb_row][\/et_pb_section][et_pb_section fb_built=&#8221;1&#8243; admin_label=&#8221;Blog&#8221; _builder_version=&#8221;3.26.8&#8243; background_color=&#8221;#f4f4f4&#8243; custom_margin=&#8221;120px|||||&#8221; custom_padding=&#8221;43px||150px||false|false&#8221; top_divider_style=&#8221;wave2&#8243; top_divider_color=&#8221;#fff&#8221; top_divider_height=&#8221;355px&#8221; bottom_divider_style=&#8221;wave2&#8243; bottom_divider_color=&#8221;#027bce&#8221; global_colors_info=&#8221;{}&#8221;][et_pb_row column_structure=&#8221;2_3,1_3&#8243; _builder_version=&#8221;3.26.8&#8243; background_color=&#8221;#ffffff&#8221; min_height=&#8221;791px&#8221; custom_margin=&#8221;-79px|auto||auto|false|false&#8221; custom_padding=&#8221;7px||3px|||&#8221; border_radii=&#8221;on|15px|15px|15px|15px&#8221; border_style_bottom=&#8221;none&#8221; global_colors_info=&#8221;{}&#8221;][et_pb_column type=&#8221;2_3&#8243; _builder_version=&#8221;3.26.8&#8243; custom_padding=&#8221;|||20px|false|false&#8221; global_colors_info=&#8221;{}&#8221;][et_pb_text _builder_version=&#8221;4.6.6&#8243; custom_padding=&#8221;|15px|20px|15px|false|false&#8221; global_colors_info=&#8221;{}&#8221;]<\/p>\n<p><img loading=\"lazy\" decoding=\"async\" src=\"https:\/\/heylanalysis.de\/wp-content\/uploads\/2020\/12\/Heyl-Wasseranalysegeraete-Wasserenthaertung.jpg\" alt=\"\" class=\"wp-image-8393 alignright size-medium\" width=\"300\" height=\"221\" \/><\/p>\n<p>A <strong>water treatment plant<\/strong> only works effectively and reliably if all of its components work just as well.<\/p>\n<p>Therefore we produce high quality water analysis instruments and offer extensive service by trained staff at an optimal price-performance ratio.<\/p>\n<p>&nbsp;<\/p>\n<p>Our water analysis instruments can be found directly via the <a href=\"http:\/en\/products\/#?category=496&amp;category_-_496=497\">product search<\/a> or in our <a href=\"http:\/wp-content\/uploads\/2020\/10\/Produktkatalog_GB_201005.pdf\">catalogue<\/a>.<\/p>\n<p>&nbsp;<\/p>\n<h2><span style=\"color: #3366ff;\">Applications for Water Analysis Instruments<\/span><\/h2>\n<p>You can use our water analysis instruments in the following application areas:<\/p>\n<ul>\n<li>Industrial water treatment<\/li>\n<li>Swimming pools and swimming pool equipment<\/li>\n<li>Drinking water<\/li>\n<li>Raw water<\/li>\n<li>Process water<\/li>\n<li>Breweries and beverage industry<\/li>\n<li>Medical technology and dialysis<\/li>\n<li>Hospitals<\/li>\n<\/ul>\n<p>&nbsp;<\/p>\n<p>Our equipment can be used also in other areas such as for example waste water analysis. However many conditions can affect the measurement. Please speak with your sales partner, so that we can check the general requirements.<\/p>\n<p>[\/et_pb_text][et_pb_code _builder_version=&#8221;4.14.7&#8243; _module_preset=&#8221;default&#8221; hover_enabled=&#8221;0&#8243; sticky_enabled=&#8221;0&#8243;]\t<script type='text\/javascript'>\n\n\t\tif ( 'undefined' === typeof lscfShortcodeData ) {\n\t\t\tvar lscfShortcodeData = [];\n\t\t}\n\n\t\t\/\/ split wp-content string to avoid the url to be rewriten by some CDN providers\n\t\tlscfShortcodeData.push({\n\t\t\t'ID':'fzmhxiwybqdwqzf_3',\n\t\t\t'wpml': '1',\n\t\t\t'lang': 'en',\n\t\t\t'postType':'post',\n\t\t\t'post_per_page':'10000',\n\t\t\t'plugin_url':'https:\/\/heylanalysis.de\/wp-content\/plugins\/short-dl-75ehVN\/',\n\t\t\t'site_url':'https:\/\/heylanalysis.de',\n\t\t\t'ajax_url':'https:\/\/heylanalysis.de\/wp-admin\/admin-ajax.php',\n\t\t\t'rest_api_uri': 'https:\/\/heylanalysis.de\/en\/wp-json\/',\n\t\t\t'options':{\"writing\":{\"load_more\":\"load more\",\"view\":\"Anzeigen\",\"any\":\"Any\",\"select\":\"Auswahl\",\"filter\":\"Filter\",\"add_to_cart\":\"Add to Cart\",\"see_more\":\"mehr anzeigen\",\"see_less\":\"weniger anzeigen\",\"no_results\":\"No results\",\"sort_by\":\"sortieren nach\",\"sort_asc\":\"\",\"sort_desc\":\"\",\"date\":\"Datum\",\"title\":\"Title\",\"close\":\"Filter schlie\\u00dfen\",\"search\":\"Suchen\",\"price\":\"Preis\",\"grid\":\"Grid\",\"reset_filters\":\"Reset Filters\",\"range_field_from\":\"From\",\"range_field_to\":\"To\"},\"reset_button\":{\"status\":0,\"name\":\"Reset\",\"position\":\"top\"},\"grid_view\":0,\"see_more\":\"See More\",\"filter_type\":\"custom-posts\",\"run_shortcodes\":0,\"disable_empty_option_on_filtering\":0,\"infinite_scrolling\":0,\"checkboxes_conditional_logic\":\"and\",\"lscf_custom_fields_order_as\":\"number\",\"order_by\":{\"items\":[]},\"default_order_by\":{\"key\":\"default_order_by\",\"value\":\"post_title\",\"order_as\":\"asc\"},\"url_history\":1,\"instant_search\":0,\"general_search_by\":{\"items\":[{\"id\":\"post_title\",\"name\":\"Post Title\"},{\"id\":\"post_content\",\"name\":\"Post Content\"}]},\"general_search_conditional_logic\":\"and\",\"general_search_algorithm\":\"algorithm-2\",\"keywords_conditional_logic\":\"OR\",\"range_filtering_type\":\"lscf_number\",\"pagination_type\":\"dynamic\",\"hide_see_more_on_checkboxes_list\":1,\"woo_price_format\":0,\"woo_instock\":0},\n\t\t\t'settings':{\"main-color\":\"#1e88e5\",\"posts-per-page\":10000,\"reset_button\":{\"status\":1,\"position\":\"bottom\",\"name\":\"New Search\"},\"theme\":{\"display\":\"default\",\"columns\":3,\"viewchanger\":{\"grid\":1},\"link_type\":\"0\",\"sidebar\":{\"position\":\"left\"},\"posts_display_from\":{\"post_taxonomies\":{\"category\":{\"ID\":\"category\",\"group_type\":\"taxonomies\",\"tax\":{\"terms\":[{\"data\":{\"name\":\"Analyzer\",\"value\":497}},{\"data\":{\"name\":\"Product\",\"value\":496}}]}},\"active_terms\":[\"497-category\",\"496-category\"]}}},\"main-color-rgb\":\"30, 136, 229\",\"is_administrator\":0,\"redirect_page\":\"\"}\t\t});\n\n\t\tdocument.getElementsByTagName(\"body\")[0].setAttribute(\"ng-app\", \"lscf-app\");\n\n\t<\/script>\n\n\t\n<div id=\"lscf-filter-wrapper-fzmhxiwybqdwqzf_3\"\n\tclass=\"px-capf-wrapper row  lscf-theme-default\" >\n\n\n\t\t\t<div\n\t\t\tclass=\"col-sm-12 col-md-12 col-lg-12 lscf-container pxfilter-grid-only\"\n\t\t\tdata-index=\"0\"\n\t\t\tng-controller=\"pxfilterController\" >\n\n\t\t\t\n\t\t\t<div\n\t\t\t\tclass=\"row\"\n\t\t\t\tid=\"lscf-posts-wrapper\"\n\t\t\t\tng-if=\"pluginSettings.existsPosts\"\n\t\t\t\tng-class=\"{'lscf-administrator' : pluginSettings.filterSettings.is_administrator == 1 }\">\n\n\t\t\t\t<div\n\t\t\t\t\tng-if=\"pluginSettings.filterSettings.theme.sidebar.position == 'left' || pluginSettings.filterSettings.theme.sidebar.position == 'top' \"\n\t\t\t\t\tclass=\"{{ 'col-xs-12 ' +pluginSettings.className.sidebar+' px-filter-fields' }}\"\n\t\t\t\t\tng-include=\"pluginSettings.pluginPath + 'app\/views\/filterFields.html'\">\n\t\t\t\t<\/div>\n\n\n\t\t\t\t<div class=\"{{ 'col-xs-12 ' + pluginSettings.className.posts_theme + 'lscf-posts' }} \">\n\n\t\t\t\t\t<div\n\t\t\t\t\t\tclass=\"px-posts-overlay-loading px-hide\"\n\t\t\t\t\t\tng-class=\"{'ang_ready' : loadMoreBtn.ready}\"\n\t\t\t\t\t\tng-if=\"loadMoreBtn.postsLoading\" >\n\n\t\t\t\t\t\t<img decoding=\"async\" src=\"https:\/\/heylanalysis.de\/wp-content\/plugins\/short-dl-75ehVN\/assets\/images\/loading_light.gif\">\n\t\t\t\t\t<\/div>\n\n\t\t\t\t\t<div\n\t\t\t\t\t\tclass=\"lscf-no-results-error px-hide\"\n\t\t\t\t\t\tng-class=\"{'ang_ready' : loadMoreBtn.ready}\"\n\t\t\t\t\t\tng-if=\"loadMoreBtn.noResults\">\n\t\t\t\t\t\t\t{{pluginSettings.generalSettings.writing.no_results}}\n\t\t\t\t\t<\/div>\n\n\t\t\t\t\t<div\n\t\t\t\t\t\tng-switch=\"pluginSettings.filterSettings.theme.display\"\n\t\t\t\t\t\tng-class=\" {'lscf-template-orderby-right-margin': 'woocommerce-grid-2' == pluginSettings.filterSettings.theme.display}\" >\n\n\t\t\t\t\t\t<div class=\"lscf-row-utils\">\n\t\t\t\t\t\t\t<div class=\"lscf-order-by\" sort-by><\/div>\n\n\t\t\t\t\t\t\t<div class=\"viewModeBlock\">\n\t\t\t\t\t\t\t\t<div class=\"viewMode\">\n\t\t\t\t\t\t\t\t\t<div id=\"blockView\" class=\"glyphicon glyphicon-th\"><\/div>\n\t\t\t\t\t\t\t\t\t<div id=\"listView\" class=\"active glyphicon glyphicon-th-list\"><\/div>\n\t\t\t\t\t\t\t\t<\/div>\n\t\t\t\t\t\t\t<\/div>\n\t\t\t\t\t\t<\/div>\n\n\t\t\t\t\t\t<div ng-switch-when=\"default\">\n\t\t\t\t\t\t\t<div id=\"lscf-posts-container-defaultTheme\" class=\"view lscf-posts-block lscf-grid-view\" viewmode-default><\/div>\n\n\t\t\t\t\t\t<\/div>\n\n\t\t\t\t\t\t<div ng-switch-when=\"accordion\" class=\"view lscf-posts-accordion lscf-posts-wrapper\">\n\t\t\t\t\t\t\t<div viewmode-accordion><\/div>\n\t\t\t\t\t\t<\/div>\n\n\t\t\t\t\t\t<div ng-switch-when=\"portrait\" class=\"view lscf-posts-portrait lscf-posts-wrapper lscf-grid-view\">\n\t\t\t\t\t\t\t<div viewmode-portrait><\/div>\n\t\t\t\t\t\t<\/div>\n\n\t\t\t\t\t\t<div ng-switch-when=\"basic-grid\" class=\"view lscf-posts-basic-grid lscf-posts-wrapper lscf-grid-view\">\n\t\t\t\t\t\t\t<div viewmode-basic-grid><\/div>\n\t\t\t\t\t\t<\/div>\n\n\t\t\t\t\t\t<div ng-switch-when=\"masonry-grid\" class=\"view lscf-posts-basic-grid lscf-posts-wrapper lscf-grid-view\">\n\t\t\t\t\t\t\t<div viewmode-masonry-grid><\/div>\n\t\t\t\t\t\t<\/div>\n\n\t\t\t\t\t\t<div ng-switch-when=\"woocommerce-grid\" class=\"view lscf-posts-basic-grid lscf-posts-wrapper lscf-grid-view\">\n\t\t\t\t\t\t\t<div viewmode-woocommerce><\/div>\n\t\t\t\t\t\t<\/div>\n\n\t\t\t\t\t\t<div ng-switch-when=\"woocommerce-grid-2\" class=\"lscf-posts-basic-grid lscf-posts-wrapper lscf-grid-view\">\n\t\t\t\t\t\t\t<div viewmode-woocommerce-grid><\/div>\n\t\t\t\t\t\t<\/div>\n\n\t\t\t\t\t\t<div ng-switch-when=\"custom-theme\" class=\"lscf-posts-wrapper lscf-custom-template-wrapper lscf-grid-view\">\n\t\t\t\t\t\t\t<div viewmode-custom ><\/div>\n\t\t\t\t\t\t<\/div>\n\n\t\t\t\t\t<\/div>\n\t\t\t\t\t<div class=\"clear\"><\/div>\n\n\t\t\t\t\t<div\n\t\t\t\t\t\tng-if=\" 'dynamic' === pluginSettings.generalSettings.pagination_type\"\n\t\t\t\t\t\tng-class=\"{'lscf-pagination-ready' : true === dynamicPaginationReady}\"\n\t\t\t\t\t\tpagination-dynamic>\n\t\t\t\t\t\t<div class=\"lscf-dynamic-pagination-container\">\n\t\t\t\t\t\t\t<span\n\t\t\t\t\t\t\t\tng-click=\"prevPage()\"\n\t\t\t\t\t\t\t\tclass=\"lscf-dynamic-pag-prev\"><\/span>\n\t\t\t\t\t\t\t<span class=\"lscf-dynamic-pag-main\">\n\t\t\t\t\t\t\t\t<input\n\t\t\t\t\t\t\t\t\tng-blur=\"onInputBlur()\"\n\t\t\t\t\t\t\t\t\tng-model=\"activepage\"\n\t\t\t\t\t\t\t\t\ttype=\"number\"\/>  of {{actionSettings.pagesCount}}\n\t\t\t\t\t\t\t<\/span>\n\t\t\t\t\t\t\t<span\n\t\t\t\t\t\t\t\tng-click=\"nextPage()\"\n\t\t\t\t\t\t\t\tclass=\"lscf-dynamic-pag-next\"><\/span>\n\t\t\t\t\t\t<\/div>\n\t\t\t\t\t\t<div class=\"clear\"><\/div>\n\t\t\t\t\t<\/div>\n\n\t\t\t\t\t<div\n\t\t\t\t\t\tng-if=\" 'load-more' === pluginSettings.generalSettings.pagination_type && loadMoreBtn.morePostsAvailable\"\n\t\t\t\t\t\tclass=\"capf_loading px-hide\"\n\t\t\t\t\t\tng-class=\"{'ang_ready' : loadMoreBtn.ready}\">\n\t\t\t\t\t\t\t<img decoding=\"async\" ng-if=\"loadMoreBtn.loading\" src=\"https:\/\/heylanalysis.de\/wp-content\/plugins\/short-dl-75ehVN\/assets\/images\/loading_light.gif\">\n\t\t\t\t\t\t\t<br\/>\n\n\t\t\t\t\t\t\t<label\n\t\t\t\t\t\t\t\tclass=\"loadMore\"\n\t\t\t\t\t\t\t\tng-if=\"!loadMoreBtn.loading\"\n\t\t\t\t\t\t\t\tng-click=\"load_more()\">\n\n\t\t\t\t\t\t\t\tload more\t\t\t\t\t\t\t<\/label>\n\t\t\t\t\t<\/div>\n\t\t\t\t<\/div>\n\n\t\t\t\t<div\n\t\t\t\t\tng-if=\"pluginSettings.filterSettings.theme.sidebar.position == 'right' \"\n\t\t\t\t\tclass=\"{{ 'col-xs-12 ' +pluginSettings.className.sidebar+' px-filter-fields' }}\"\n\t\t\t\t\tng-include=\"pluginSettings.pluginPath + 'app\/views\/filterFields.html'\">\n\t\t\t\t<\/div>\n\n\t\t\t<\/div>\n\n\t\t<\/div>\n\n\t<\/div>\n[\/et_pb_code][\/et_pb_column][et_pb_column type=&#8221;1_3&#8243; _builder_version=&#8221;3.26.8&#8243; background_enable_color=&#8221;off&#8221; use_background_color_gradient=&#8221;on&#8221; background_color_gradient_start=&#8221;#027bce&#8221; background_color_gradient_end=&#8221;#3a85b7&#8243; custom_padding=&#8221;||0px||false|false&#8221; border_radii=&#8221;off||||15px&#8221; border_width_top=&#8221;1px&#8221; border_color_top=&#8221;#ffffff&#8221; border_width_right=&#8221;1px&#8221; border_color_right=&#8221;#ffffff&#8221; border_color_bottom=&#8221;#3a85b7&#8243; border_color_left=&#8221;#3a85b7&#8243; box_shadow_style=&#8221;preset2&#8243; box_shadow_horizontal=&#8221;-7px&#8221; box_shadow_vertical=&#8221;7px&#8221; box_shadow_blur=&#8221;22px&#8221; box_shadow_spread=&#8221;-4px&#8221; box_shadow_color=&#8221;#c4c4c4&#8243; global_colors_info=&#8221;{}&#8221;][et_pb_sidebar area=&#8221;et_pb_widget_area_2&#8243; _builder_version=&#8221;3.26.8&#8243; header_font=&#8221;||||||||&#8221; header_font_size=&#8221;18px&#8221; body_font=&#8221;||||||||&#8221; body_text_align=&#8221;left&#8221; body_font_size=&#8221;15px&#8221; body_letter_spacing=&#8221;1px&#8221; body_line_height=&#8221;1.5em&#8221; background_layout=&#8221;dark&#8221; custom_padding=&#8221;40px|||40px|false|false&#8221; text_shadow_style=&#8221;preset5&#8243; text_shadow_color=&#8221;#3a85b7&#8243; global_colors_info=&#8221;{}&#8221;][\/et_pb_sidebar][\/et_pb_column][\/et_pb_row][et_pb_row _builder_version=&#8221;3.26.8&#8243; global_colors_info=&#8221;{}&#8221;][et_pb_column type=&#8221;4_4&#8243; _builder_version=&#8221;3.26.8&#8243; global_colors_info=&#8221;{}&#8221;][et_pb_code _builder_version=&#8221;3.26.8&#8243; global_colors_info=&#8221;{}&#8221;][\/et_pb_code][\/et_pb_column][\/et_pb_row][\/et_pb_section]<\/p>\n","protected":false},"excerpt":{"rendered":"<p>Water Analysis Instruments A water treatment plant only works effectively and reliably if all of its components work just as well. Therefore we produce high quality water analysis instruments and offer extensive service by trained staff at an optimal price-performance ratio. &nbsp; Our water analysis instruments can be found directly via the product search or [&hellip;]<\/p>\n","protected":false},"author":2,"featured_media":0,"parent":1350,"menu_order":0,"comment_status":"closed","ping_status":"closed","template":"","meta":{"_et_pb_use_builder":"on","_et_pb_old_content":"[et_pb_section fb_built=\"1\" custom_padding_last_edited=\"on|tablet\" admin_label=\"Header\" _builder_version=\"3.26.8\" background_image=\"https:\/\/heylanalysis.de\/wp-content\/uploads\/2019\/11\/heyl-header.jpg\" background_position=\"top_center\" custom_margin=\"||-50px||false|false\" custom_padding=\"120px||50px||false|false\" custom_padding_tablet=\"75px||10px||false|false\" custom_padding_phone=\"70px||10px||false|false\" top_divider_repeat=\"1x\" top_divider_flip=\"horizontal\" top_divider_height_phone=\"100px\" top_divider_height_last_edited=\"on|desktop\" bottom_divider_style=\"wave2\" bottom_divider_color=\"#ffffff\" bottom_divider_flip=\"horizontal\" bottom_divider_height_tablet=\"50px\" bottom_divider_height_last_edited=\"on|desktop\" background_last_edited=\"off|phone\" background_size_tablet=\"initial\" background_size_phone=\"initial\" background_position_tablet=\"bottom_center\" background_position_phone=\"bottom_center\"][et_pb_row _builder_version=\"3.26.8\" custom_margin=\"-50px|auto|0px|auto|false|false\" custom_margin_tablet=\"-100px||||false|false\" custom_margin_last_edited=\"off|tablet\" custom_padding=\"0px||30px||false|false\"][et_pb_column type=\"4_4\" _builder_version=\"3.25\" custom_padding=\"|||\" custom_padding_tablet=\"0px|||\" custom_padding_last_edited=\"off|desktop\" custom_padding__hover=\"|||\"][et_pb_text _builder_version=\"3.26.8\" text_font=\"||||||||\" text_text_color=\"#ffffff\" text_line_height=\"2em\" ul_font=\"||||||||\" ol_font=\"||||||||\" header_font=\"Rubik|500|||||||\" header_text_color=\"#027bce\" header_font_size=\"52px\" header_line_height=\"1.2em\" header_2_font=\"||||||||\" header_3_font=\"||||||||\" header_4_font=\"||||||||\" header_5_font=\"||||||||\" header_6_font=\"||||||||\" text_orientation=\"center\" module_alignment=\"center\" min_height=\"0px\" min_height_last_edited=\"on|desktop\" custom_margin=\"40px||||false|false\" custom_margin_tablet=\"200px||||false|false\" custom_margin_phone=\"175px||||false|false\" custom_margin_last_edited=\"off|tablet\" custom_padding=\"||||true|false\" custom_padding_tablet=\"25px||25px||false|false\" custom_padding_phone=\"20px||20px||true|false\" custom_padding_last_edited=\"off|phone\" header_font_size_tablet=\"42px\" header_font_size_phone=\"32px\" header_font_size_last_edited=\"on|desktop\"]\n<h1>Analyseger\u00e4te<\/h1>\n[\/et_pb_text][\/et_pb_column][\/et_pb_row][\/et_pb_section][et_pb_section fb_built=\"1\" admin_label=\"Blog\" _builder_version=\"3.26.8\" background_color=\"#f4f4f4\" custom_margin=\"120px|||||\" custom_padding=\"43px||150px||false|false\" top_divider_style=\"wave2\" top_divider_color=\"#fff\" top_divider_height=\"355px\" bottom_divider_style=\"wave2\" bottom_divider_color=\"#027bce\"][et_pb_row column_structure=\"2_3,1_3\" _builder_version=\"3.26.8\" background_color=\"#ffffff\" border_radii=\"on|15px|15px|15px|15px\" border_style_bottom=\"none\" min_height=\"791px\" custom_margin=\"-79px|auto||auto|false|false\" custom_padding=\"7px||3px|||\"][et_pb_column type=\"2_3\" _builder_version=\"3.26.8\" custom_padding=\"|||20px|false|false\"][et_pb_text _builder_version=\"3.26.8\" custom_padding=\"|15px|20px|15px|false|false\"]\n<h2>Analyseger\u00e4te<\/h2>\nEine Wasseraufbereitungsanlage arbeitet nur so effektiv und zuverl\u00e4ssig wie die Komponenten, mit denen sie betrieben wird. Wir produzieren deshalb qualitativ hochwertige Ger\u00e4te und bieten umfangreichen Service durch geschultes Fachpersonal, zu einem optimalen Preis-Leistungsverh\u00e4ltnis.\n\nIn den folgenden Anwendungsgebieten k\u00f6nnen Sie unsere Analysenger\u00e4te einsetzen:\n<ul>\n \t<li>industrielle Wasseraufbereitung<\/li>\n \t<li>Schwimmb\u00e4der bzw. Schwimmbadtechnik<\/li>\n \t<li>Trinkwasser<\/li>\n \t<li>Brauchwasser<\/li>\n \t<li>Prozesswasser<\/li>\n \t<li>Brauereien und Getr\u00e4nkeindustrie<\/li>\n \t<li>Medizintechnik und Dialyse<\/li>\n \t<li>Krankenh\u00e4user<\/li>\n<\/ul>\nAuch in anderen Anwendungsbereichen wie z.B. der Abwasseranalytik k\u00f6nnen unsere Ger\u00e4te eingesetzt werden. Allerdings k\u00f6nnen viele Rahmenbedingungen die Messung beeinflussen. Bitte sprechen Sie mit Ihrem Vertriebspartner, damit wir die Rahmenbedingungen pr\u00fcfen k\u00f6nnen.\n\n[\/et_pb_text][\/et_pb_column][et_pb_column type=\"1_3\" _builder_version=\"3.26.8\" background_enable_color=\"off\" use_background_color_gradient=\"on\" background_color_gradient_start=\"#027bce\" background_color_gradient_end=\"#3a85b7\" border_radii=\"off||||15px\" border_width_top=\"1px\" border_color_top=\"#ffffff\" border_width_right=\"1px\" border_color_right=\"#ffffff\" border_color_bottom=\"#3a85b7\" border_color_left=\"#3a85b7\" box_shadow_style=\"preset2\" box_shadow_horizontal=\"-7px\" box_shadow_vertical=\"7px\" box_shadow_blur=\"22px\" box_shadow_spread=\"-4px\" box_shadow_color=\"#c4c4c4\" custom_padding=\"||0px||false|false\"][et_pb_sidebar area=\"et_pb_widget_area_2\" _builder_version=\"3.26.8\" header_font=\"||||||||\" header_font_size=\"18px\" body_font=\"||||||||\" body_text_align=\"left\" body_font_size=\"15px\" body_letter_spacing=\"1px\" body_line_height=\"1.5em\" background_layout=\"dark\" custom_padding=\"40px|||40px|false|false\" text_shadow_style=\"preset5\" text_shadow_color=\"#3a85b7\"][\/et_pb_sidebar][\/et_pb_column][\/et_pb_row][et_pb_row _builder_version=\"3.26.8\"][et_pb_column type=\"4_4\" _builder_version=\"3.26.8\"][et_pb_code _builder_version=\"3.26.8\"][px_filter id=\"sagkgkdkpmzoexh_2\" post_type=\"post\" ][\/et_pb_code][\/et_pb_column][\/et_pb_row][\/et_pb_section]","_et_gb_content_width":"","footnotes":""},"class_list":["post-8285","page","type-page","status-publish","hentry"],"_links":{"self":[{"href":"https:\/\/heylanalysis.de\/en\/wp-json\/wp\/v2\/pages\/8285","targetHints":{"allow":["GET"]}}],"collection":[{"href":"https:\/\/heylanalysis.de\/en\/wp-json\/wp\/v2\/pages"}],"about":[{"href":"https:\/\/heylanalysis.de\/en\/wp-json\/wp\/v2\/types\/page"}],"author":[{"embeddable":true,"href":"https:\/\/heylanalysis.de\/en\/wp-json\/wp\/v2\/users\/2"}],"replies":[{"embeddable":true,"href":"https:\/\/heylanalysis.de\/en\/wp-json\/wp\/v2\/comments?post=8285"}],"version-history":[{"count":15,"href":"https:\/\/heylanalysis.de\/en\/wp-json\/wp\/v2\/pages\/8285\/revisions"}],"predecessor-version":[{"id":22841,"href":"https:\/\/heylanalysis.de\/en\/wp-json\/wp\/v2\/pages\/8285\/revisions\/22841"}],"up":[{"embeddable":true,"href":"https:\/\/heylanalysis.de\/en\/wp-json\/wp\/v2\/pages\/1350"}],"wp:attachment":[{"href":"https:\/\/heylanalysis.de\/en\/wp-json\/wp\/v2\/media?parent=8285"}],"curies":[{"name":"wp","href":"https:\/\/api.w.org\/{rel}","templated":true}]}}