{"id":1405,"date":"2020-02-27T13:36:44","date_gmt":"2020-02-27T12:36:44","guid":{"rendered":"http:\/\/heylanalysis.de\/?page_id=1405"},"modified":"2025-09-25T15:56:33","modified_gmt":"2025-09-25T13:56:33","slug":"great-award-for-medium-sized-enterprises","status":"publish","type":"page","link":"https:\/\/heylanalysis.de\/en\/portrait\/great-award-for-medium-sized-enterprises\/","title":{"rendered":"Great award for medium-sized enterprises"},"content":{"rendered":"<p>[et_pb_section fb_built=&#8221;1&#8243; custom_padding_last_edited=&#8221;on|tablet&#8221; admin_label=&#8221;Header&#8221; _builder_version=&#8221;3.26.8&#8243; background_image=&#8221;https:\/\/heylanalysis.de\/wp-content\/uploads\/2019\/11\/heyl-header.jpg&#8221; background_position=&#8221;top_center&#8221; custom_margin=&#8221;||-50px||false|false&#8221; custom_padding=&#8221;120px||50px||false|false&#8221; custom_padding_tablet=&#8221;75px||10px||false|false&#8221; custom_padding_phone=&#8221;70px||10px||false|false&#8221; top_divider_repeat=&#8221;1x&#8221; top_divider_flip=&#8221;horizontal&#8221; top_divider_height_tablet=&#8221;&#8221; top_divider_height_phone=&#8221;100px&#8221; top_divider_height_last_edited=&#8221;on|desktop&#8221; bottom_divider_style=&#8221;wave2&#8243; bottom_divider_color=&#8221;#ffffff&#8221; bottom_divider_flip=&#8221;horizontal&#8221; bottom_divider_height_tablet=&#8221;50px&#8221; bottom_divider_height_phone=&#8221;&#8221; bottom_divider_height_last_edited=&#8221;on|desktop&#8221; background_last_edited=&#8221;off|phone&#8221; background_size_tablet=&#8221;initial&#8221; background_size_phone=&#8221;initial&#8221; background_position_tablet=&#8221;bottom_center&#8221; background_position_phone=&#8221;bottom_center&#8221; global_colors_info=&#8221;{}&#8221;][et_pb_row _builder_version=&#8221;3.26.8&#8243; custom_margin=&#8221;-50px|auto|0px|auto|false|false&#8221; custom_margin_tablet=&#8221;-100px||||false|false&#8221; custom_margin_last_edited=&#8221;off|tablet&#8221; custom_padding=&#8221;0px||30px||false|false&#8221; global_colors_info=&#8221;{}&#8221;][et_pb_column type=&#8221;4_4&#8243; _builder_version=&#8221;3.25&#8243; custom_padding=&#8221;|||&#8221; custom_padding_tablet=&#8221;0px|||&#8221; custom_padding_last_edited=&#8221;off|desktop&#8221; global_colors_info=&#8221;{}&#8221; custom_padding__hover=&#8221;|||&#8221;][et_pb_text _builder_version=&#8221;3.27.4&#8243; text_font=&#8221;||||||||&#8221; text_text_color=&#8221;#ffffff&#8221; text_line_height=&#8221;2em&#8221; ul_font=&#8221;||||||||&#8221; ol_font=&#8221;||||||||&#8221; header_font=&#8221;Rubik|500|||||||&#8221; header_text_color=&#8221;#027bce&#8221; header_font_size=&#8221;52px&#8221; header_line_height=&#8221;1.2em&#8221; header_2_font=&#8221;||||||||&#8221; header_3_font=&#8221;||||||||&#8221; header_4_font=&#8221;||||||||&#8221; header_5_font=&#8221;||||||||&#8221; header_6_font=&#8221;||||||||&#8221; text_orientation=&#8221;center&#8221; module_alignment=&#8221;center&#8221; min_height=&#8221;0px&#8221; min_height_tablet=&#8221;&#8221; min_height_phone=&#8221;&#8221; min_height_last_edited=&#8221;on|desktop&#8221; custom_margin=&#8221;40px||||false|false&#8221; custom_margin_tablet=&#8221;200px||||false|false&#8221; custom_margin_phone=&#8221;175px||||false|false&#8221; custom_margin_last_edited=&#8221;off|tablet&#8221; custom_padding=&#8221;||||true|false&#8221; custom_padding_tablet=&#8221;25px||25px||false|false&#8221; custom_padding_phone=&#8221;20px||20px||true|false&#8221; custom_padding_last_edited=&#8221;off|phone&#8221; header_font_size_tablet=&#8221;42px&#8221; header_font_size_phone=&#8221;32px&#8221; header_font_size_last_edited=&#8221;on|desktop&#8221; global_colors_info=&#8221;{}&#8221;]<\/p>\n<h1 class=\"itemTitle\">Great award for medium-sized enterprises<\/h1>\n<p>[\/et_pb_text][\/et_pb_column][\/et_pb_row][\/et_pb_section][et_pb_section fb_built=&#8221;1&#8243; admin_label=&#8221;Blog&#8221; _builder_version=&#8221;3.26.8&#8243; background_color=&#8221;#f4f4f4&#8243; custom_margin=&#8221;120px|||||&#8221; custom_padding=&#8221;43px||150px||false|false&#8221; top_divider_style=&#8221;wave2&#8243; top_divider_color=&#8221;#fff&#8221; top_divider_height=&#8221;355px&#8221; bottom_divider_style=&#8221;wave2&#8243; bottom_divider_color=&#8221;#027bce&#8221; global_colors_info=&#8221;{}&#8221;][et_pb_row column_structure=&#8221;2_3,1_3&#8243; _builder_version=&#8221;3.26.8&#8243; background_color=&#8221;#ffffff&#8221; min_height=&#8221;791px&#8221; custom_margin=&#8221;-79px|auto||auto|false|false&#8221; custom_padding=&#8221;7px||3px|||&#8221; border_radii=&#8221;on|15px|15px|15px|15px&#8221; border_style_bottom=&#8221;none&#8221; global_colors_info=&#8221;{}&#8221;][et_pb_column type=&#8221;2_3&#8243; _builder_version=&#8221;3.26.8&#8243; custom_padding=&#8221;|||20px|false|false&#8221; global_colors_info=&#8221;{}&#8221;][et_pb_text _builder_version=&#8221;4.9.11&#8243; custom_padding=&#8221;|15px|20px|15px|false|false&#8221; hover_enabled=&#8221;0&#8243; global_colors_info=&#8221;{}&#8221; sticky_enabled=&#8221;0&#8243;]<\/p>\n<h2><span style=\"color: #3366ff;\">Now even more so &#8211; Winner 2021!<br \/><\/span><\/h2>\n<p>&nbsp;<\/p>\n<p><a href=\"https:\/\/heylanalysis.de\/wp-content\/uploads\/2020\/12\/Heyl-Wasseranalysegeraete-Urkunde-Finalist-2019.jpg.jpg\"><img loading=\"lazy\" decoding=\"async\" src=\"https:\/\/heylanalysis.de\/wp-content\/uploads\/2021\/10\/Galaabend_GPdM_Sieger.jpg\" alt=\"\" class=\"wp-image-12303 alignnone size-full\" width=\"800\" height=\"521\" srcset=\"https:\/\/heylanalysis.de\/wp-content\/uploads\/2021\/10\/Galaabend_GPdM_Sieger.jpg 800w, https:\/\/heylanalysis.de\/wp-content\/uploads\/2021\/10\/Galaabend_GPdM_Sieger-480x313.jpg 480w\" sizes=\"(min-width: 0px) and (max-width: 480px) 480px, (min-width: 481px) 800px, 100vw\" \/><\/a><\/p>\n<p><em>Managing Director J\u00f6rg-Tilman Heyl at the award ceremony in D\u00fcsseldorf 2021.<\/em><\/p>\n<p>We have made it! This year, we at Gebr\u00fcder Heyl Analysentechnik GmbH &amp; Co. KG are 2021 award winners and have won the coveted &#8220;Oscar&#8221; at the <strong>Great Award for medium-sized enterprises<\/strong> (Gro\u00dfer Preis des Mittelstandes).<\/p>\n<p><a href=\"https:\/\/www.mittelstandspreis.com\/wettbewerb\/single-newsmeldung\/archive\/2021\/september\/25\/article\/preistraeger-2021-aus-niedersachsenbremen\/\" rel=\"nofollow noopener\" target=\"_blank\">Laudatory speech for the 2021 award winners (only in german)<\/a><\/p>\n<p>For the nationwide competition, organized by the Oskar Patzelt Foundation, you can only be nominated by another body. Therefore, we are very proud that we have been nominated again this year.<\/p>\n<p>The slogan of this year&#8217;s competition is &#8220;Setting milestones&#8221;. Once again, medium-sized enterprises with an above-average development in their region will be honored.<\/p>\n<p>The achievements will be evaluated according to five competition criteria:<\/p>\n<ul>\n<li>Overall development of the company<\/li>\n<li>Creation\/safeguarding of jobs and training places<\/li>\n<li>Modernization and innovation<\/li>\n<li>Commitment to the region<\/li>\n<li>Service and customer proximity, marketing<\/li>\n<\/ul>\n<p><span style=\"color: #3366ff;\">________________________________________<\/span><\/p>\n<h2><span style=\"color: #0000ff;\"><span style=\"color: #3366ff;\">Update 2021<\/span> <\/span><\/h2>\n<p>In 2021, we have again reached the jury stage after the nomination. The motto of this year&#8217;s competition is: <em>Now even more so!<\/em> And that&#8217;s our incentive to make it to the top this year.<\/p>\n<p style=\"text-align: left;\"><strong>\u00a0<span style=\"color: #3366ff;\">___________________________________________<\/span><\/strong><\/p>\n<h2><strong><span style=\"color: #3366ff;\">Update 2020<\/span> <\/strong><\/h2>\n<p>At the beginning of May 2020, we received the announcement that, as last year, we have reached the jury stage again. We are thrilled and hope that we will make it back to the finalists.<\/p>\n<p style=\"text-align: left;\"><span style=\"color: #3366ff;\">___________________________________________<\/span><\/p>\n<h2><span style=\"color: #3366ff;\"><strong>Our success in 2019<\/strong> <\/span><\/h2>\n<p>On September 28th, 2019, we received the prize as <strong>finalist<\/strong> in D\u00fcsseldorf. Five finalists for Lower Saxony were awarded the coveted prize.<br data-bm=\"8\" \/>You can read the honorary speech at <a href=\"https:\/\/www.mittelstandspreis.com\/wettbewerb\/single-newsmeldung\/archive\/2019\/september\/28\/article\/finalisten-2019-aus-niedersachsenbremen\/\" rel=\"nofollow noopener\" target=\"_blank\">https:\/\/www.mittelstandspreis.com\/wettbewerb\/single-newsmeldung\/archive\/2019\/september\/28\/article\/finalisten-2019-aus-niedersachsenbremen\/<\/a> (only in german).<\/p>\n<p>&nbsp;<\/p>\n<div><img loading=\"lazy\" decoding=\"async\" class=\"wp-image-796 aligncenter size-full\" src=\"https:\/\/heylanalysis.de\/wp-content\/uploads\/2020\/12\/Heyl-Wasseranalysegeraete-GPdM-Urkunden\u00fcbergabe.jpg\" alt=\"\" width=\"542\" height=\"600\" \/><span style=\"font-size: 16px; line-height: 1.7em;\">\u00a0<\/span><\/div>\n<div><\/div>\n<div>\n<div><\/div>\n<div><\/div>\n<div><\/div>\n<div><img loading=\"lazy\" decoding=\"async\" class=\"wp-image-798 size-full\" src=\"https:\/\/heylanalysis.de\/wp-content\/uploads\/2020\/12\/Heyl-Wasseranalysegeraete-Finalisten-2019-GPdM-1.jpg\" alt=\"\" width=\"799\" height=\"533\" \/><\/div>\n<div><\/div>\n<div>\n<p><em>Finalists of Lower Saxony 2019. Managing Director J\u00f6rg-Tilman Heyl is the first at right side (photo: Boris L\u00f6ffert; Oskar-Patzelt-Stiftung)<\/em><\/p>\n<p>&nbsp;<\/p>\n<\/div>\n<div><\/div>\n<p>All the prize winners of the 25th contest are published under <a href=\"https:\/\/www.kompetenznetz-mittelstand.de\" rel=\"nofollow noopener\" target=\"_blank\">www.kompetenznetz-mittelstand.de<\/a> and <a href=\"https:\/\/www.mittelstandspreis.com\" rel=\"nofollow noopener\" target=\"_blank\">www.mittelstandspreis.com<\/a> (both in german language). There you will also find further information on the current competition.<\/p>\n<p><a href=\"https:\/\/www.hi-reg.de\/allgemein\/grosser-preis-des-mittelstandes-2019\/\" rel=\"nofollow noopener\" target=\"_blank\">Press report from our hometown Hildesheim about the competition<\/a> (only in German)<\/p>\n<\/div>\n<p>[\/et_pb_text][\/et_pb_column][et_pb_column type=&#8221;1_3&#8243; _builder_version=&#8221;3.26.8&#8243; background_enable_color=&#8221;off&#8221; use_background_color_gradient=&#8221;on&#8221; background_color_gradient_start=&#8221;#027bce&#8221; background_color_gradient_end=&#8221;#3a85b7&#8243; custom_padding=&#8221;||0px||false|false&#8221; border_radii=&#8221;off||||15px&#8221; border_width_top=&#8221;1px&#8221; border_color_top=&#8221;#ffffff&#8221; border_width_right=&#8221;1px&#8221; border_color_right=&#8221;#ffffff&#8221; border_color_bottom=&#8221;#3a85b7&#8243; border_color_left=&#8221;#3a85b7&#8243; box_shadow_style=&#8221;preset2&#8243; box_shadow_horizontal=&#8221;-7px&#8221; box_shadow_vertical=&#8221;7px&#8221; box_shadow_blur=&#8221;22px&#8221; box_shadow_spread=&#8221;-4px&#8221; box_shadow_color=&#8221;#c4c4c4&#8243; global_colors_info=&#8221;{}&#8221;][et_pb_sidebar area=&#8221;et_pb_widget_area_1&#8243; _builder_version=&#8221;3.26.8&#8243; header_font=&#8221;||||||||&#8221; header_font_size=&#8221;18px&#8221; body_font=&#8221;||||||||&#8221; body_text_align=&#8221;left&#8221; body_font_size=&#8221;15px&#8221; body_letter_spacing=&#8221;1px&#8221; body_line_height=&#8221;1.5em&#8221; background_layout=&#8221;dark&#8221; custom_padding=&#8221;40px|||40px|false|false&#8221; text_shadow_style=&#8221;preset5&#8243; text_shadow_color=&#8221;#3a85b7&#8243; global_colors_info=&#8221;{}&#8221;][\/et_pb_sidebar][\/et_pb_column][\/et_pb_row][\/et_pb_section]<\/p>\n","protected":false},"excerpt":{"rendered":"<p>Great award for medium-sized enterprisesNow even more so &#8211; Winner 2021! &nbsp; Managing Director J\u00f6rg-Tilman Heyl at the award ceremony in D\u00fcsseldorf 2021. We have made it! This year, we at Gebr\u00fcder Heyl Analysentechnik GmbH &amp; Co. KG are 2021 award winners and have won the coveted &#8220;Oscar&#8221; at the Great Award for medium-sized enterprises [&hellip;]<\/p>\n","protected":false},"author":5,"featured_media":0,"parent":984,"menu_order":0,"comment_status":"closed","ping_status":"closed","template":"","meta":{"_et_pb_use_builder":"on","_et_pb_old_content":"","_et_gb_content_width":"","footnotes":""},"class_list":["post-1405","page","type-page","status-publish","hentry"],"_links":{"self":[{"href":"https:\/\/heylanalysis.de\/en\/wp-json\/wp\/v2\/pages\/1405","targetHints":{"allow":["GET"]}}],"collection":[{"href":"https:\/\/heylanalysis.de\/en\/wp-json\/wp\/v2\/pages"}],"about":[{"href":"https:\/\/heylanalysis.de\/en\/wp-json\/wp\/v2\/types\/page"}],"author":[{"embeddable":true,"href":"https:\/\/heylanalysis.de\/en\/wp-json\/wp\/v2\/users\/5"}],"replies":[{"embeddable":true,"href":"https:\/\/heylanalysis.de\/en\/wp-json\/wp\/v2\/comments?post=1405"}],"version-history":[{"count":10,"href":"https:\/\/heylanalysis.de\/en\/wp-json\/wp\/v2\/pages\/1405\/revisions"}],"predecessor-version":[{"id":22806,"href":"https:\/\/heylanalysis.de\/en\/wp-json\/wp\/v2\/pages\/1405\/revisions\/22806"}],"up":[{"embeddable":true,"href":"https:\/\/heylanalysis.de\/en\/wp-json\/wp\/v2\/pages\/984"}],"wp:attachment":[{"href":"https:\/\/heylanalysis.de\/en\/wp-json\/wp\/v2\/media?parent=1405"}],"curies":[{"name":"wp","href":"https:\/\/api.w.org\/{rel}","templated":true}]}}