{"id":1401,"date":"2020-02-27T13:35:16","date_gmt":"2020-02-27T12:35:16","guid":{"rendered":"http:\/\/heylanalysis.de\/?page_id=1401"},"modified":"2022-10-27T14:56:58","modified_gmt":"2022-10-27T12:56:58","slug":"history","status":"publish","type":"page","link":"https:\/\/heylanalysis.de\/en\/portrait\/history\/","title":{"rendered":"History"},"content":{"rendered":"<p>[et_pb_section fb_built=&#8221;1&#8243; custom_padding_last_edited=&#8221;on|tablet&#8221; admin_label=&#8221;Header&#8221; _builder_version=&#8221;4.16&#8243; background_image=&#8221;https:\/\/heylanalysis.de\/wp-content\/uploads\/2019\/11\/heyl-header.jpg&#8221; background_position=&#8221;top_center&#8221; custom_margin=&#8221;||-50px||false|false&#8221; custom_padding=&#8221;120px||50px||false|false&#8221; custom_padding_tablet=&#8221;75px||10px||false|false&#8221; custom_padding_phone=&#8221;70px||10px||false|false&#8221; top_divider_repeat=&#8221;1x&#8221; top_divider_flip=&#8221;horizontal&#8221; top_divider_height_tablet=&#8221;&#8221; top_divider_height_phone=&#8221;100px&#8221; top_divider_height_last_edited=&#8221;on|desktop&#8221; bottom_divider_style=&#8221;wave2&#8243; bottom_divider_color=&#8221;#ffffff&#8221; bottom_divider_flip=&#8221;horizontal&#8221; bottom_divider_height_tablet=&#8221;50px&#8221; bottom_divider_height_phone=&#8221;&#8221; bottom_divider_height_last_edited=&#8221;on|desktop&#8221; background_last_edited=&#8221;off|phone&#8221; background_size_tablet=&#8221;initial&#8221; background_size_phone=&#8221;initial&#8221; background_position_tablet=&#8221;bottom_center&#8221; background_position_phone=&#8221;bottom_center&#8221; global_colors_info=&#8221;{}&#8221;][et_pb_row _builder_version=&#8221;4.16&#8243; custom_margin=&#8221;-50px|auto|0px|auto|false|false&#8221; custom_margin_tablet=&#8221;-100px||||false|false&#8221; custom_margin_last_edited=&#8221;off|tablet&#8221; custom_padding=&#8221;0px||30px||false|false&#8221; global_colors_info=&#8221;{}&#8221;][et_pb_column type=&#8221;4_4&#8243; _builder_version=&#8221;4.16&#8243; custom_padding=&#8221;|||&#8221; custom_padding_tablet=&#8221;0px|||&#8221; custom_padding_last_edited=&#8221;off|desktop&#8221; global_colors_info=&#8221;{}&#8221; custom_padding__hover=&#8221;|||&#8221;][et_pb_text _builder_version=&#8221;4.16&#8243; text_font=&#8221;||||||||&#8221; text_text_color=&#8221;#ffffff&#8221; text_line_height=&#8221;2em&#8221; ul_font=&#8221;||||||||&#8221; ol_font=&#8221;||||||||&#8221; header_font=&#8221;Rubik|500|||||||&#8221; header_text_color=&#8221;#027bce&#8221; header_font_size=&#8221;52px&#8221; header_line_height=&#8221;1.2em&#8221; header_2_font=&#8221;||||||||&#8221; header_3_font=&#8221;||||||||&#8221; header_4_font=&#8221;||||||||&#8221; header_5_font=&#8221;||||||||&#8221; header_6_font=&#8221;||||||||&#8221; text_orientation=&#8221;center&#8221; module_alignment=&#8221;center&#8221; min_height=&#8221;0px&#8221; min_height_tablet=&#8221;&#8221; min_height_phone=&#8221;&#8221; min_height_last_edited=&#8221;on|desktop&#8221; custom_margin=&#8221;40px||||false|false&#8221; custom_margin_tablet=&#8221;200px||||false|false&#8221; custom_margin_phone=&#8221;175px||||false|false&#8221; custom_margin_last_edited=&#8221;off|tablet&#8221; custom_padding=&#8221;||||true|false&#8221; custom_padding_tablet=&#8221;25px||25px||false|false&#8221; custom_padding_phone=&#8221;20px||20px||true|false&#8221; custom_padding_last_edited=&#8221;off|phone&#8221; header_font_size_tablet=&#8221;42px&#8221; header_font_size_phone=&#8221;32px&#8221; header_font_size_last_edited=&#8221;on|desktop&#8221; global_colors_info=&#8221;{}&#8221;]<\/p>\n<h1>History<\/h1>\n<p>[\/et_pb_text][\/et_pb_column][\/et_pb_row][\/et_pb_section][et_pb_section fb_built=&#8221;1&#8243; admin_label=&#8221;Blog&#8221; _builder_version=&#8221;4.16&#8243; background_color=&#8221;#f4f4f4&#8243; custom_margin=&#8221;120px|||||&#8221; custom_padding=&#8221;43px||150px||false|false&#8221; top_divider_style=&#8221;wave2&#8243; top_divider_color=&#8221;#fff&#8221; top_divider_height=&#8221;355px&#8221; bottom_divider_style=&#8221;wave2&#8243; bottom_divider_color=&#8221;#027bce&#8221; global_colors_info=&#8221;{}&#8221;][et_pb_row column_structure=&#8221;2_3,1_3&#8243; _builder_version=&#8221;4.16&#8243; background_color=&#8221;#ffffff&#8221; min_height=&#8221;791px&#8221; custom_margin=&#8221;-79px|auto||auto|false|false&#8221; custom_padding=&#8221;7px||3px|||&#8221; border_radii=&#8221;on|15px|15px|15px|15px&#8221; border_style_bottom=&#8221;none&#8221; global_colors_info=&#8221;{}&#8221;][et_pb_column type=&#8221;2_3&#8243; _builder_version=&#8221;4.16&#8243; custom_padding=&#8221;|||20px|false|false&#8221; global_colors_info=&#8221;{}&#8221;][et_pb_text _builder_version=&#8221;4.18.0&#8243; custom_padding=&#8221;|15px|20px|15px|false|false&#8221; hover_enabled=&#8221;0&#8243; global_colors_info=&#8221;{}&#8221; sticky_enabled=&#8221;0&#8243;]<\/p>\n<h2 class=\"itemTitle\">Company history<\/h2>\n<p>&nbsp;<\/p>\n<p><img loading=\"lazy\" decoding=\"async\" src=\"https:\/\/heylanalysis.de\/wp-content\/uploads\/2020\/12\/Heyl-Wasseranalysegeraete-Firma-alt.jpg\" alt=\"\" class=\"wp-image-7740 alignleft size-medium\" width=\"300\" height=\"195\" \/><\/p>\n<p>On 4th February 1958, the cousins Hans-J\u00fcrgen and Hans-Joachim Heyl sold their shares in Chemisch-pharmazeutische Fabrik Heyl &amp; Co in Berlin. Different opinions regarding the path of entrepreneurial development led the two partners to leave the family-run business. In the same year, they founded Gebr\u00fcder Heyl Analysentechnik GmbH &amp; Co. KG, in the Oststadt district of Hildesheim. The two entrepreneurs took over a plot of land, a building and some employees from the Heyl company in Berlin; there were no specific ideas at the time about a production programme.<\/p>\n<p><strong>\u201cTalk about jumping in at the deep end.\u201d &#8211; Hans-J\u00fcrgen Heyl<\/strong><\/p>\n<p><img loading=\"lazy\" decoding=\"async\" src=\"https:\/\/heylanalysis.de\/wp-content\/uploads\/2020\/12\/Heyl-Wasseranalysegeraete-erster-Testomat.jpg\" alt=\"\" class=\"wp-image-7742 alignleft size-medium\" width=\"279\" height=\"300\" \/><\/p>\n<p>In the beginning, Gebr\u00fcder Heyl Analysentechnik produced pharmaceuticals and medicines, including a penicillin preparation for the African market. In tandem, the so-called Durognost\u00ae was also produced and distributed. This is an easy-to-use test kit for determining water hardness. This product is still included in the Gebr\u00fcder Heyl Analysentechnik product range and remains almost unchanged to this day, and it continues to deliver impressive sales figures.<\/p>\n<p>At the end of the 1950s, many industrial companies were highly interested in measuring methods for determining water hardness. Therefore, Gebr\u00fcder Heyl Analysentechnik developed and patented a liquid indicator, complementary to the Durognost\u00ae test kit, which has a shelf life of up to two years. This innovation was a first notable milestone in the history of Gebr\u00fcder Heyl Analysentechnik.<\/p>\n<p><img loading=\"lazy\" decoding=\"async\" src=\"https:\/\/heylanalysis.de\/wp-content\/uploads\/2020\/12\/Heyl-Wasseranalysegeraete-BOB.jpg\" alt=\"\" class=\"wp-image-7744 alignleft size-medium\" width=\"300\" height=\"244\" \/><\/p>\n<p>In cooperation with the Hildesheim-based company Otto Otto, the medium-sized water analyst achieved another breakthrough. The first Testomat\u00ae device was developed in the 60\u2019s. This equipment automatically (and continuously) monitors the water hardness with the help of the proprietary indicator. To this day, Testomat\u00ae instruments \u2013 including Heyl indicators \u2013 are used in a wide variety of applications worldwide.<\/p>\n<p>At the beginning of 2001, J\u00f6rg-Tilman Heyl, a nephew of the company founder Hans-J\u00fcrgen Heyl, took over Gebr\u00fcder Heyl Analysentechnik. Before the takeover occurred, the company was on the verge of insolvency due to a string of costly, under-performing acquisitions. Through restructuring measures and a return to the company\u2019s classic strengths, J\u00f6rg-Tilman Heyl was able to put the company back on the road to success.<\/p>\n<p><img loading=\"lazy\" decoding=\"async\" src=\"https:\/\/heylanalysis.de\/wp-content\/uploads\/2020\/12\/Heyl-Wasseranalysegeraete-Testraum.jpg\" alt=\"\" class=\"wp-image-7752 alignleft size-medium\" width=\"300\" height=\"200\" \/><\/p>\n<p>One important pillar was the development of Testomat 2000\u00ae. This represents a further development of the old Testomat model with which Gebr\u00fcder Heyl Analysentechnik was successful for over 40 years. In the years that followed, the device was developed further into a comprehensive family of measuring devices according to market requirements. To this day, Gebr\u00fcder Heyl Analysentechnik focuses on innovations, the expansion of its international network and the consistent use of modern marketing and sales strategies.<\/p>\n<p>Durability and reliability are of tremendous importance for both the company and the products. Gebr\u00fcder Heyl Analysentechnik develops and manufactures its products exclusively in-house. This procedure ensures high quality standards at all times.<\/p>\n<p>We would like to thank the entire crew for their many years of loyalty, the loyalty of our customers and the trust of our business partners. Optimistic and full of positive energy, we will shape our future!<\/p>\n<p>PS: You can download our company brochures for the 50th company anniversary, \u201cA tradition through the ages\u201d, and for the 60th company anniversary, \u201c60 years of existence\u201d, as PDF files in the download area.<\/p>\n<p>&nbsp;<\/p>\n<p>&nbsp;<\/p>\n<p>[\/et_pb_text][\/et_pb_column][et_pb_column type=&#8221;1_3&#8243; _builder_version=&#8221;4.16&#8243; background_enable_color=&#8221;off&#8221; use_background_color_gradient=&#8221;on&#8221; background_color_gradient_stops=&#8221;#027bce 0%|#3a85b7 100%&#8221; background_color_gradient_start=&#8221;#027bce&#8221; background_color_gradient_end=&#8221;#3a85b7&#8243; custom_padding=&#8221;||0px||false|false&#8221; border_radii=&#8221;off||||15px&#8221; border_width_top=&#8221;1px&#8221; border_color_top=&#8221;#ffffff&#8221; border_width_right=&#8221;1px&#8221; border_color_right=&#8221;#ffffff&#8221; border_color_bottom=&#8221;#3a85b7&#8243; border_color_left=&#8221;#3a85b7&#8243; box_shadow_style=&#8221;preset2&#8243; box_shadow_horizontal=&#8221;-7px&#8221; box_shadow_vertical=&#8221;7px&#8221; box_shadow_blur=&#8221;22px&#8221; box_shadow_spread=&#8221;-4px&#8221; box_shadow_color=&#8221;#c4c4c4&#8243; global_colors_info=&#8221;{}&#8221;][et_pb_sidebar area=&#8221;et_pb_widget_area_1&#8243; _builder_version=&#8221;4.16&#8243; header_font=&#8221;||||||||&#8221; header_font_size=&#8221;18px&#8221; body_font=&#8221;||||||||&#8221; body_text_align=&#8221;left&#8221; body_font_size=&#8221;15px&#8221; body_letter_spacing=&#8221;1px&#8221; body_line_height=&#8221;1.5em&#8221; background_layout=&#8221;dark&#8221; custom_padding=&#8221;40px|||40px|false|false&#8221; text_shadow_style=&#8221;preset5&#8243; text_shadow_color=&#8221;#3a85b7&#8243; global_colors_info=&#8221;{}&#8221;][\/et_pb_sidebar][\/et_pb_column][\/et_pb_row][\/et_pb_section]<\/p>\n","protected":false},"excerpt":{"rendered":"<p>HistoryCompany history &nbsp; On 4th February 1958, the cousins Hans-J\u00fcrgen and Hans-Joachim Heyl sold their shares in Chemisch-pharmazeutische Fabrik Heyl &amp; Co in Berlin. Different opinions regarding the path of entrepreneurial development led the two partners to leave the family-run business. In the same year, they founded Gebr\u00fcder Heyl Analysentechnik GmbH &amp; Co. KG, in [&hellip;]<\/p>\n","protected":false},"author":5,"featured_media":0,"parent":984,"menu_order":0,"comment_status":"closed","ping_status":"closed","template":"","meta":{"_et_pb_use_builder":"on","_et_pb_old_content":"","_et_gb_content_width":"","footnotes":""},"class_list":["post-1401","page","type-page","status-publish","hentry"],"_links":{"self":[{"href":"https:\/\/heylanalysis.de\/en\/wp-json\/wp\/v2\/pages\/1401","targetHints":{"allow":["GET"]}}],"collection":[{"href":"https:\/\/heylanalysis.de\/en\/wp-json\/wp\/v2\/pages"}],"about":[{"href":"https:\/\/heylanalysis.de\/en\/wp-json\/wp\/v2\/types\/page"}],"author":[{"embeddable":true,"href":"https:\/\/heylanalysis.de\/en\/wp-json\/wp\/v2\/users\/5"}],"replies":[{"embeddable":true,"href":"https:\/\/heylanalysis.de\/en\/wp-json\/wp\/v2\/comments?post=1401"}],"version-history":[{"count":11,"href":"https:\/\/heylanalysis.de\/en\/wp-json\/wp\/v2\/pages\/1401\/revisions"}],"predecessor-version":[{"id":15507,"href":"https:\/\/heylanalysis.de\/en\/wp-json\/wp\/v2\/pages\/1401\/revisions\/15507"}],"up":[{"embeddable":true,"href":"https:\/\/heylanalysis.de\/en\/wp-json\/wp\/v2\/pages\/984"}],"wp:attachment":[{"href":"https:\/\/heylanalysis.de\/en\/wp-json\/wp\/v2\/media?parent=1401"}],"curies":[{"name":"wp","href":"https:\/\/api.w.org\/{rel}","templated":true}]}}